{"id":47,"date":"2022-10-10T15:25:13","date_gmt":"2022-10-10T13:25:13","guid":{"rendered":"https:\/\/monsejourau101.fr\/?page_id=47"},"modified":"2022-10-16T12:23:29","modified_gmt":"2022-10-16T10:23:29","slug":"accueil","status":"publish","type":"page","link":"https:\/\/monsejourau101.fr\/","title":{"rendered":"Accueil"},"content":{"rendered":"\n<h1 class=\"wp-block-heading\">Bienvenue sur le site de notre appartement 2 pi\u00e8ces situ\u00e9 \u00e0 Mandelieu-La-Napoule dans les Alpes Maritimes.<\/h1>\n\n\n\n<h3 class=\"wp-block-heading\"><strong>Appartement T2 de 36m2 avec v\u00e9randa. &nbsp;<\/strong><\/h3>\n\n\n\n<p id=\"block-70c0bf11-5c89-4109-9810-2dd1364e411c\">4 personnes maximum.<\/p>\n\n\n\n<p id=\"block-70c0bf11-5c89-4109-9810-2dd1364e411c\">Situ\u00e9 \u00e0 8 km de Cannes et 35 km de Nice. <\/p>\n\n\n\n<p id=\"block-70c0bf11-5c89-4109-9810-2dd1364e411c\"><strong><mark style=\"background-color:rgba(0, 0, 0, 0)\" class=\"has-inline-color has-highlight-color\">Cet appartement est non fumeur.<\/mark><\/strong><\/p>\n\n\n\n<p id=\"block-70c0bf11-5c89-4109-9810-2dd1364e411c\">Appartement enregistr\u00e9 pour la collecte de la taxe de s\u00e9jour.<\/p>\n\n\n\n<p id=\"block-e25cc6da-2bab-4237-9ccd-b7dee58a0944\"><a href=\"https:\/\/monsejourau101.fr\/?page_id=37\">N\u2019h\u00e9sitez pas \u00e0 nous contacter pour tout renseignement compl\u00e9mentaire.<\/a><\/p>\n\n\n\n<figure class=\"wp-block-image size-large is-style-default\"><img loading=\"lazy\" decoding=\"async\" width=\"1024\" height=\"589\" src=\"https:\/\/monsejourau101.fr\/wp-content\/uploads\/2022\/10\/cropped-IMGP0921-scaled-1-1024x589.jpg\" alt=\"\" class=\"wp-image-23\" srcset=\"https:\/\/monsejourau101.fr\/wp-content\/uploads\/2022\/10\/cropped-IMGP0921-scaled-1-1024x589.jpg 1024w, https:\/\/monsejourau101.fr\/wp-content\/uploads\/2022\/10\/cropped-IMGP0921-scaled-1-300x173.jpg 300w, https:\/\/monsejourau101.fr\/wp-content\/uploads\/2022\/10\/cropped-IMGP0921-scaled-1-768x442.jpg 768w, https:\/\/monsejourau101.fr\/wp-content\/uploads\/2022\/10\/cropped-IMGP0921-scaled-1-1536x883.jpg 1536w, https:\/\/monsejourau101.fr\/wp-content\/uploads\/2022\/10\/cropped-IMGP0921-scaled-1.jpg 1920w\" sizes=\"auto, (max-width: 1024px) 100vw, 1024px\" \/><\/figure>\n\n\n\n<div class=\"wp-block-columns is-layout-flex wp-container-core-columns-is-layout-9d6595d7 wp-block-columns-is-layout-flex\">\n<div class=\"wp-block-column is-layout-flow wp-block-column-is-layout-flow\">\n<p class=\"has-text-align-center\"><a data-type=\"URL\" data-id=\"https:\/\/www.vivrecommeavant.fr\" href=\"https:\/\/www.vivrecommeavant.fr\">Aidez nous \u00e0 soutenir l\u2019association <\/a><\/p>\n\n\n\n<p class=\"has-text-align-center\"><a data-type=\"URL\" data-id=\"https:\/\/www.vivrecommeavant.fr\" href=\"https:\/\/www.vivrecommeavant.fr\">Vivre Comme Avant <\/a><\/p>\n\n\n\n<p class=\"has-text-align-center\"><a href=\"http:\/\/www.vivrecommeavant.fr\">Des femmes touch\u00e9es par un cancer du sein qui vont visiter des femmes nouvellement trait\u00e9es pour un cancer du sein<\/a><\/p>\n<\/div>\n\n\n\n<div class=\"wp-block-column is-vertically-aligned-bottom is-layout-flow wp-block-column-is-layout-flow\">\n<p><a href=\"https:\/\/www.assist-eric.fr\" data-type=\"URL\" data-id=\"https:\/\/www.assist-eric.fr\" target=\"_blank\" rel=\"noreferrer noopener\">Votre assistance informatique sur Strasbourg et environs<\/a><\/p>\n<\/div>\n<\/div>\n","protected":false},"excerpt":{"rendered":"<p>Bienvenue sur le site de notre appartement 2 pi\u00e8ces situ\u00e9 \u00e0 Mandelieu-La-Napoule dans les Alpes Maritimes. Appartement T2 de 36m2<\/p>\n","protected":false},"author":2,"featured_media":0,"parent":0,"menu_order":0,"comment_status":"closed","ping_status":"closed","template":"","meta":{"footnotes":""},"class_list":["post-47","page","type-page","status-publish","hentry"],"yoast_head":"<!-- This site is optimized with the Yoast SEO plugin v25.8 - https:\/\/yoast.com\/wordpress\/plugins\/seo\/ -->\n<title>Accueil - Mon s\u00e9jour au 101 \u00e0 Mandelieu-La-Napoule<\/title>\n<meta name=\"description\" content=\"Location saisonni\u00e8re dans Appartement T2 avec v\u00e9randa situ\u00e9 dans une r\u00e9sidence avec parking priv\u00e9 et piscine proche des plages des commerces et restaurant\" \/>\n<meta name=\"robots\" content=\"index, follow, max-snippet:-1, max-image-preview:large, max-video-preview:-1\" \/>\n<link rel=\"canonical\" href=\"https:\/\/monsejourau101.fr\/\" \/>\n<meta property=\"og:locale\" content=\"fr_FR\" \/>\n<meta property=\"og:type\" content=\"article\" \/>\n<meta property=\"og:title\" content=\"Accueil - Mon s\u00e9jour au 101 \u00e0 Mandelieu-La-Napoule\" \/>\n<meta property=\"og:description\" content=\"Location saisonni\u00e8re dans Appartement T2 avec v\u00e9randa situ\u00e9 dans une r\u00e9sidence avec parking priv\u00e9 et piscine proche des plages des commerces et restaurant\" \/>\n<meta property=\"og:url\" content=\"https:\/\/monsejourau101.fr\/\" \/>\n<meta property=\"og:site_name\" content=\"Mon s\u00e9jour au 101 \u00e0 Mandelieu-La-Napoule\" \/>\n<meta property=\"article:modified_time\" content=\"2022-10-16T10:23:29+00:00\" \/>\n<meta property=\"og:image\" content=\"https:\/\/monsejourau101.fr\/wp-content\/uploads\/2022\/10\/cropped-IMGP0921-scaled-1-1024x589.jpg\" \/>\n<meta name=\"twitter:card\" content=\"summary_large_image\" \/>\n<meta name=\"twitter:label1\" content=\"Dur\u00e9e de lecture estim\u00e9e\" \/>\n\t<meta name=\"twitter:data1\" content=\"1 minute\" \/>\n<script type=\"application\/ld+json\" class=\"yoast-schema-graph\">{\"@context\":\"https:\/\/schema.org\",\"@graph\":[{\"@type\":\"WebPage\",\"@id\":\"https:\/\/monsejourau101.fr\/\",\"url\":\"https:\/\/monsejourau101.fr\/\",\"name\":\"Accueil - Mon s\u00e9jour au 101 \u00e0 Mandelieu-La-Napoule\",\"isPartOf\":{\"@id\":\"https:\/\/monsejourau101.fr\/#website\"},\"primaryImageOfPage\":{\"@id\":\"https:\/\/monsejourau101.fr\/#primaryimage\"},\"image\":{\"@id\":\"https:\/\/monsejourau101.fr\/#primaryimage\"},\"thumbnailUrl\":\"https:\/\/monsejourau101.fr\/wp-content\/uploads\/2022\/10\/cropped-IMGP0921-scaled-1-1024x589.jpg\",\"datePublished\":\"2022-10-10T13:25:13+00:00\",\"dateModified\":\"2022-10-16T10:23:29+00:00\",\"description\":\"Location saisonni\u00e8re dans Appartement T2 avec v\u00e9randa situ\u00e9 dans une r\u00e9sidence avec parking priv\u00e9 et piscine proche des plages des commerces et restaurant\",\"breadcrumb\":{\"@id\":\"https:\/\/monsejourau101.fr\/#breadcrumb\"},\"inLanguage\":\"fr-FR\",\"potentialAction\":[{\"@type\":\"ReadAction\",\"target\":[\"https:\/\/monsejourau101.fr\/\"]}]},{\"@type\":\"ImageObject\",\"inLanguage\":\"fr-FR\",\"@id\":\"https:\/\/monsejourau101.fr\/#primaryimage\",\"url\":\"https:\/\/monsejourau101.fr\/wp-content\/uploads\/2022\/10\/cropped-IMGP0921-scaled-1.jpg\",\"contentUrl\":\"https:\/\/monsejourau101.fr\/wp-content\/uploads\/2022\/10\/cropped-IMGP0921-scaled-1.jpg\",\"width\":1920,\"height\":1104},{\"@type\":\"BreadcrumbList\",\"@id\":\"https:\/\/monsejourau101.fr\/#breadcrumb\",\"itemListElement\":[{\"@type\":\"ListItem\",\"position\":1,\"name\":\"Accueil\",\"item\":\"https:\/\/monsejourau101.fr\/\"},{\"@type\":\"ListItem\",\"position\":2,\"name\":\"Accueil\"}]},{\"@type\":\"WebSite\",\"@id\":\"https:\/\/monsejourau101.fr\/#website\",\"url\":\"https:\/\/monsejourau101.fr\/\",\"name\":\"Mon s\u00e9jour au 101 \u00e0 Mandelieu-La-Napoule\",\"description\":\"Location saisonni\u00e8re \u00e0 Mandelieu-la-Napoule\",\"publisher\":{\"@id\":\"https:\/\/monsejourau101.fr\/#\/schema\/person\/565b1990b2dc3ba5259e76911be67773\"},\"potentialAction\":[{\"@type\":\"SearchAction\",\"target\":{\"@type\":\"EntryPoint\",\"urlTemplate\":\"https:\/\/monsejourau101.fr\/?s={search_term_string}\"},\"query-input\":{\"@type\":\"PropertyValueSpecification\",\"valueRequired\":true,\"valueName\":\"search_term_string\"}}],\"inLanguage\":\"fr-FR\"},{\"@type\":[\"Person\",\"Organization\"],\"@id\":\"https:\/\/monsejourau101.fr\/#\/schema\/person\/565b1990b2dc3ba5259e76911be67773\",\"name\":\"Eric Baumann\",\"image\":{\"@type\":\"ImageObject\",\"inLanguage\":\"fr-FR\",\"@id\":\"https:\/\/monsejourau101.fr\/#\/schema\/person\/image\/\",\"url\":\"https:\/\/monsejourau101.fr\/wp-content\/uploads\/2022\/10\/IMGP0921-scaled.jpg\",\"contentUrl\":\"https:\/\/monsejourau101.fr\/wp-content\/uploads\/2022\/10\/IMGP0921-scaled.jpg\",\"width\":2560,\"height\":1920,\"caption\":\"Eric Baumann\"},\"logo\":{\"@id\":\"https:\/\/monsejourau101.fr\/#\/schema\/person\/image\/\"}}]}<\/script>\n<!-- \/ Yoast SEO plugin. -->","yoast_head_json":{"title":"Accueil - Mon s\u00e9jour au 101 \u00e0 Mandelieu-La-Napoule","description":"Location saisonni\u00e8re dans Appartement T2 avec v\u00e9randa situ\u00e9 dans une r\u00e9sidence avec parking priv\u00e9 et piscine proche des plages des commerces et restaurant","robots":{"index":"index","follow":"follow","max-snippet":"max-snippet:-1","max-image-preview":"max-image-preview:large","max-video-preview":"max-video-preview:-1"},"canonical":"https:\/\/monsejourau101.fr\/","og_locale":"fr_FR","og_type":"article","og_title":"Accueil - Mon s\u00e9jour au 101 \u00e0 Mandelieu-La-Napoule","og_description":"Location saisonni\u00e8re dans Appartement T2 avec v\u00e9randa situ\u00e9 dans une r\u00e9sidence avec parking priv\u00e9 et piscine proche des plages des commerces et restaurant","og_url":"https:\/\/monsejourau101.fr\/","og_site_name":"Mon s\u00e9jour au 101 \u00e0 Mandelieu-La-Napoule","article_modified_time":"2022-10-16T10:23:29+00:00","og_image":[{"url":"https:\/\/monsejourau101.fr\/wp-content\/uploads\/2022\/10\/cropped-IMGP0921-scaled-1-1024x589.jpg","type":"","width":"","height":""}],"twitter_card":"summary_large_image","twitter_misc":{"Dur\u00e9e de lecture estim\u00e9e":"1 minute"},"schema":{"@context":"https:\/\/schema.org","@graph":[{"@type":"WebPage","@id":"https:\/\/monsejourau101.fr\/","url":"https:\/\/monsejourau101.fr\/","name":"Accueil - Mon s\u00e9jour au 101 \u00e0 Mandelieu-La-Napoule","isPartOf":{"@id":"https:\/\/monsejourau101.fr\/#website"},"primaryImageOfPage":{"@id":"https:\/\/monsejourau101.fr\/#primaryimage"},"image":{"@id":"https:\/\/monsejourau101.fr\/#primaryimage"},"thumbnailUrl":"https:\/\/monsejourau101.fr\/wp-content\/uploads\/2022\/10\/cropped-IMGP0921-scaled-1-1024x589.jpg","datePublished":"2022-10-10T13:25:13+00:00","dateModified":"2022-10-16T10:23:29+00:00","description":"Location saisonni\u00e8re dans Appartement T2 avec v\u00e9randa situ\u00e9 dans une r\u00e9sidence avec parking priv\u00e9 et piscine proche des plages des commerces et restaurant","breadcrumb":{"@id":"https:\/\/monsejourau101.fr\/#breadcrumb"},"inLanguage":"fr-FR","potentialAction":[{"@type":"ReadAction","target":["https:\/\/monsejourau101.fr\/"]}]},{"@type":"ImageObject","inLanguage":"fr-FR","@id":"https:\/\/monsejourau101.fr\/#primaryimage","url":"https:\/\/monsejourau101.fr\/wp-content\/uploads\/2022\/10\/cropped-IMGP0921-scaled-1.jpg","contentUrl":"https:\/\/monsejourau101.fr\/wp-content\/uploads\/2022\/10\/cropped-IMGP0921-scaled-1.jpg","width":1920,"height":1104},{"@type":"BreadcrumbList","@id":"https:\/\/monsejourau101.fr\/#breadcrumb","itemListElement":[{"@type":"ListItem","position":1,"name":"Accueil","item":"https:\/\/monsejourau101.fr\/"},{"@type":"ListItem","position":2,"name":"Accueil"}]},{"@type":"WebSite","@id":"https:\/\/monsejourau101.fr\/#website","url":"https:\/\/monsejourau101.fr\/","name":"Mon s\u00e9jour au 101 \u00e0 Mandelieu-La-Napoule","description":"Location saisonni\u00e8re \u00e0 Mandelieu-la-Napoule","publisher":{"@id":"https:\/\/monsejourau101.fr\/#\/schema\/person\/565b1990b2dc3ba5259e76911be67773"},"potentialAction":[{"@type":"SearchAction","target":{"@type":"EntryPoint","urlTemplate":"https:\/\/monsejourau101.fr\/?s={search_term_string}"},"query-input":{"@type":"PropertyValueSpecification","valueRequired":true,"valueName":"search_term_string"}}],"inLanguage":"fr-FR"},{"@type":["Person","Organization"],"@id":"https:\/\/monsejourau101.fr\/#\/schema\/person\/565b1990b2dc3ba5259e76911be67773","name":"Eric Baumann","image":{"@type":"ImageObject","inLanguage":"fr-FR","@id":"https:\/\/monsejourau101.fr\/#\/schema\/person\/image\/","url":"https:\/\/monsejourau101.fr\/wp-content\/uploads\/2022\/10\/IMGP0921-scaled.jpg","contentUrl":"https:\/\/monsejourau101.fr\/wp-content\/uploads\/2022\/10\/IMGP0921-scaled.jpg","width":2560,"height":1920,"caption":"Eric Baumann"},"logo":{"@id":"https:\/\/monsejourau101.fr\/#\/schema\/person\/image\/"}}]}},"_links":{"self":[{"href":"https:\/\/monsejourau101.fr\/index.php?rest_route=\/wp\/v2\/pages\/47","targetHints":{"allow":["GET"]}}],"collection":[{"href":"https:\/\/monsejourau101.fr\/index.php?rest_route=\/wp\/v2\/pages"}],"about":[{"href":"https:\/\/monsejourau101.fr\/index.php?rest_route=\/wp\/v2\/types\/page"}],"author":[{"embeddable":true,"href":"https:\/\/monsejourau101.fr\/index.php?rest_route=\/wp\/v2\/users\/2"}],"replies":[{"embeddable":true,"href":"https:\/\/monsejourau101.fr\/index.php?rest_route=%2Fwp%2Fv2%2Fcomments&post=47"}],"version-history":[{"count":15,"href":"https:\/\/monsejourau101.fr\/index.php?rest_route=\/wp\/v2\/pages\/47\/revisions"}],"predecessor-version":[{"id":231,"href":"https:\/\/monsejourau101.fr\/index.php?rest_route=\/wp\/v2\/pages\/47\/revisions\/231"}],"wp:attachment":[{"href":"https:\/\/monsejourau101.fr\/index.php?rest_route=%2Fwp%2Fv2%2Fmedia&parent=47"}],"curies":[{"name":"wp","href":"https:\/\/api.w.org\/{rel}","templated":true}]}}